{"id":1621,"date":"2019-02-11T14:39:20","date_gmt":"2019-02-11T13:39:20","guid":{"rendered":"https:\/\/www.razzledazzle.ch\/?page_id=1621"},"modified":"2022-08-23T23:43:29","modified_gmt":"2022-08-23T21:43:29","slug":"close-up","status":"publish","type":"page","link":"https:\/\/www.razzledazzle.ch\/de\/portfolio\/close-up","title":{"rendered":"CLOSE UP"},"content":{"rendered":"\t\t<div data-elementor-type=\"wp-page\" data-elementor-id=\"1621\" class=\"elementor elementor-1621\">\n\t\t\t\t\t\t<section class=\"elementor-section elementor-top-section elementor-element elementor-element-10a5e49 elementor-section-height-min-height elementor-hidden-tablet elementor-hidden-phone elementor-section-boxed elementor-section-height-default elementor-section-items-middle\" data-id=\"10a5e49\" data-element_type=\"section\" data-e-type=\"section\" data-settings=\"{&quot;background_background&quot;:&quot;classic&quot;}\">\n\t\t\t\t\t\t\t<div class=\"elementor-background-overlay\"><\/div>\n\t\t\t\t\t\t\t<div class=\"elementor-container elementor-column-gap-no\">\n\t\t\t\t\t<div class=\"elementor-column elementor-col-100 elementor-top-column elementor-element elementor-element-8f22e51 animated-slow elementor-invisible\" data-id=\"8f22e51\" data-element_type=\"column\" data-e-type=\"column\" data-settings=\"{&quot;animation&quot;:&quot;fadeInUp&quot;,&quot;animation_delay&quot;:1000}\">\n\t\t\t<div class=\"elementor-widget-wrap elementor-element-populated\">\n\t\t\t\t\t\t<div class=\"elementor-element elementor-element-6e82c03 elementor-widget elementor-widget-heading\" data-id=\"6e82c03\" data-element_type=\"widget\" data-e-type=\"widget\" data-widget_type=\"heading.default\">\n\t\t\t\t<div class=\"elementor-widget-container\">\n\t\t\t\t\t<h2 class=\"elementor-heading-title elementor-size-default\">CLOSE UP FINGERBOARDS<\/h2>\t\t\t\t<\/div>\n\t\t\t\t<\/div>\n\t\t\t\t<div class=\"elementor-element elementor-element-241d9ab elementor-widget-divider--view-line elementor-widget elementor-widget-divider\" data-id=\"241d9ab\" data-element_type=\"widget\" data-e-type=\"widget\" data-widget_type=\"divider.default\">\n\t\t\t\t<div class=\"elementor-widget-container\">\n\t\t\t\t\t\t\t<div class=\"elementor-divider\">\n\t\t\t<span class=\"elementor-divider-separator\">\n\t\t\t\t\t\t<\/span>\n\t\t<\/div>\n\t\t\t\t\t\t<\/div>\n\t\t\t\t<\/div>\n\t\t\t\t<div class=\"elementor-element elementor-element-92ce5a8 elementor-widget elementor-widget-text-editor\" data-id=\"92ce5a8\" data-element_type=\"widget\" data-e-type=\"widget\" data-widget_type=\"text-editor.default\">\n\t\t\t\t<div class=\"elementor-widget-container\">\n\t\t\t\t\t\t\t\t\t<p>Fingerboarden ist mehr als ein witziger Zeitvertreib f\u00fcr Kinder. Seit Anfang der Neunzigerjahre erfindet sich dieser Sport immer wieder auf ein Neues. Die Razzle Dazzle Distribution vertreibt die Franz\u00f6sische Fingerboardmarke Close Up von Damien Bernadet seit der ersten Minute in der Schweiz und \u00d6sterreich. \u00dcber die Jahre entwickelte Close Up ihr Mini-Skateboard mit einfachem Holzdeck bis zum perfekten Sportger\u00e4t mit Kugellagerrollen.<\/p>\t\t\t\t\t\t\t\t<\/div>\n\t\t\t\t<\/div>\n\t\t\t\t\t<\/div>\n\t\t<\/div>\n\t\t\t\t\t<\/div>\n\t\t<\/section>\n\t\t\t\t<section class=\"elementor-section elementor-top-section elementor-element elementor-element-ad135cd elementor-section-height-min-height elementor-hidden-desktop elementor-hidden-phone elementor-section-boxed elementor-section-height-default elementor-section-items-middle\" data-id=\"ad135cd\" data-element_type=\"section\" data-e-type=\"section\" data-settings=\"{&quot;background_background&quot;:&quot;classic&quot;}\">\n\t\t\t\t\t\t\t<div class=\"elementor-background-overlay\"><\/div>\n\t\t\t\t\t\t\t<div class=\"elementor-container elementor-column-gap-no\">\n\t\t\t\t\t<div class=\"elementor-column elementor-col-100 elementor-top-column elementor-element elementor-element-fb503c6 animated-slow elementor-invisible\" data-id=\"fb503c6\" data-element_type=\"column\" data-e-type=\"column\" data-settings=\"{&quot;animation&quot;:&quot;fadeInUp&quot;,&quot;animation_delay&quot;:1000}\">\n\t\t\t<div class=\"elementor-widget-wrap elementor-element-populated\">\n\t\t\t\t\t\t<div class=\"elementor-element elementor-element-7d5a499 elementor-widget elementor-widget-heading\" data-id=\"7d5a499\" data-element_type=\"widget\" data-e-type=\"widget\" data-widget_type=\"heading.default\">\n\t\t\t\t<div class=\"elementor-widget-container\">\n\t\t\t\t\t<h2 class=\"elementor-heading-title elementor-size-default\">CLOSE UP FINGERBOARDS<\/h2>\t\t\t\t<\/div>\n\t\t\t\t<\/div>\n\t\t\t\t<div class=\"elementor-element elementor-element-cdcc7f1 elementor-widget-divider--view-line elementor-widget elementor-widget-divider\" data-id=\"cdcc7f1\" data-element_type=\"widget\" data-e-type=\"widget\" data-widget_type=\"divider.default\">\n\t\t\t\t<div class=\"elementor-widget-container\">\n\t\t\t\t\t\t\t<div class=\"elementor-divider\">\n\t\t\t<span class=\"elementor-divider-separator\">\n\t\t\t\t\t\t<\/span>\n\t\t<\/div>\n\t\t\t\t\t\t<\/div>\n\t\t\t\t<\/div>\n\t\t\t\t<div class=\"elementor-element elementor-element-caf970d elementor-widget elementor-widget-text-editor\" data-id=\"caf970d\" data-element_type=\"widget\" data-e-type=\"widget\" data-widget_type=\"text-editor.default\">\n\t\t\t\t<div class=\"elementor-widget-container\">\n\t\t\t\t\t\t\t\t\t<p>Fingerboarden ist mehr als ein witziger Zeitvertreib f\u00fcr Kinder. Seit Anfang der Neunzigerjahre erfindet sich dieser Sport immer wieder auf ein Neues. Die Razzle Dazzle Distribution vertreibt die Franz\u00f6sische Fingerboardmarke Close Up von Damien Bernadet seit der ersten Minute in der Schweiz und \u00d6sterreich. \u00dcber die Jahre entwickelte Close Up ihr Mini-Skateboard mit einfachem Holzdeck bis zum perfekten Sportger\u00e4t mit Kugellagerrollen.<\/p>\t\t\t\t\t\t\t\t<\/div>\n\t\t\t\t<\/div>\n\t\t\t\t\t<\/div>\n\t\t<\/div>\n\t\t\t\t\t<\/div>\n\t\t<\/section>\n\t\t\t\t<section class=\"elementor-section elementor-top-section elementor-element elementor-element-eb01150 elementor-section-height-min-height elementor-hidden-desktop elementor-hidden-tablet elementor-section-boxed elementor-section-height-default elementor-section-items-middle\" data-id=\"eb01150\" data-element_type=\"section\" data-e-type=\"section\" data-settings=\"{&quot;background_background&quot;:&quot;classic&quot;}\">\n\t\t\t\t\t\t\t<div class=\"elementor-background-overlay\"><\/div>\n\t\t\t\t\t\t\t<div class=\"elementor-container elementor-column-gap-no\">\n\t\t\t\t\t<div class=\"elementor-column elementor-col-100 elementor-top-column elementor-element elementor-element-ae4dd0d animated-slow elementor-invisible\" data-id=\"ae4dd0d\" data-element_type=\"column\" data-e-type=\"column\" data-settings=\"{&quot;animation&quot;:&quot;fadeInUp&quot;,&quot;animation_delay&quot;:1000}\">\n\t\t\t<div class=\"elementor-widget-wrap elementor-element-populated\">\n\t\t\t\t\t\t<div class=\"elementor-element elementor-element-45a9ee0 elementor-widget elementor-widget-heading\" data-id=\"45a9ee0\" data-element_type=\"widget\" data-e-type=\"widget\" data-widget_type=\"heading.default\">\n\t\t\t\t<div class=\"elementor-widget-container\">\n\t\t\t\t\t<h2 class=\"elementor-heading-title elementor-size-default\">CLOSE UP FINGERBOARDS<\/h2>\t\t\t\t<\/div>\n\t\t\t\t<\/div>\n\t\t\t\t<div class=\"elementor-element elementor-element-701b4d0 elementor-widget-divider--view-line elementor-widget elementor-widget-divider\" data-id=\"701b4d0\" data-element_type=\"widget\" data-e-type=\"widget\" data-widget_type=\"divider.default\">\n\t\t\t\t<div class=\"elementor-widget-container\">\n\t\t\t\t\t\t\t<div class=\"elementor-divider\">\n\t\t\t<span class=\"elementor-divider-separator\">\n\t\t\t\t\t\t<\/span>\n\t\t<\/div>\n\t\t\t\t\t\t<\/div>\n\t\t\t\t<\/div>\n\t\t\t\t<div class=\"elementor-element elementor-element-325afb9 elementor-widget elementor-widget-text-editor\" data-id=\"325afb9\" data-element_type=\"widget\" data-e-type=\"widget\" data-widget_type=\"text-editor.default\">\n\t\t\t\t<div class=\"elementor-widget-container\">\n\t\t\t\t\t\t\t\t\t<p>Fingerboarden ist mehr als ein witziger Zeitvertreib f\u00fcr Kinder. Seit Anfang der Neunzigerjahre erfindet sich dieser Sport immer wieder auf ein Neues. Die Razzle Dazzle Distribution vertreibt die Franz\u00f6sische Fingerboardmarke Close Up von Damien Bernadet seit der ersten Minute in der Schweiz und \u00d6sterreich. \u00dcber die Jahre entwickelte Close Up ihr Mini-Skateboard mit einfachem Holzdeck bis zum perfekten Sportger\u00e4t mit Kugellagerrollen.<\/p>\t\t\t\t\t\t\t\t<\/div>\n\t\t\t\t<\/div>\n\t\t\t\t\t<\/div>\n\t\t<\/div>\n\t\t\t\t\t<\/div>\n\t\t<\/section>\n\t\t\t\t<\/div>\n\t\t","protected":false},"excerpt":{"rendered":"<p>CLOSE UP FINGERBOARDS Fingerboarden ist mehr als ein witziger Zeitvertreib f\u00fcr Kinder. Seit Anfang der Neunzigerjahre erfindet sich dieser Sport immer wieder auf ein Neues. Die Razzle Dazzle Distribution vertreibt die Franz\u00f6sische Fingerboardmarke Close Up von Damien Bernadet seit der ersten Minute in der Schweiz und \u00d6sterreich. \u00dcber die Jahre entwickelte Close Up ihr Mini-Skateboard [&hellip;]<\/p>\n","protected":false},"author":1,"featured_media":0,"parent":27,"menu_order":0,"comment_status":"closed","ping_status":"closed","template":"","meta":{"ocean_post_layout":"full-screen","ocean_both_sidebars_style":"","ocean_both_sidebars_content_width":0,"ocean_both_sidebars_sidebars_width":0,"ocean_sidebar":"0","ocean_second_sidebar":"0","ocean_disable_margins":"on","ocean_add_body_class":"","ocean_shortcode_before_top_bar":"","ocean_shortcode_after_top_bar":"","ocean_shortcode_before_header":"","ocean_shortcode_after_header":"","ocean_has_shortcode":"","ocean_shortcode_after_title":"","ocean_shortcode_before_footer_widgets":"","ocean_shortcode_after_footer_widgets":"","ocean_shortcode_before_footer_bottom":"","ocean_shortcode_after_footer_bottom":"","ocean_display_top_bar":"default","ocean_display_header":"on","ocean_header_style":"","ocean_center_header_left_menu":"0","ocean_custom_header_template":"0","ocean_custom_logo":0,"ocean_custom_retina_logo":0,"ocean_custom_logo_max_width":0,"ocean_custom_logo_tablet_max_width":0,"ocean_custom_logo_mobile_max_width":0,"ocean_custom_logo_max_height":0,"ocean_custom_logo_tablet_max_height":0,"ocean_custom_logo_mobile_max_height":0,"ocean_header_custom_menu":"0","ocean_menu_typo_font_family":"0","ocean_menu_typo_font_subset":"","ocean_menu_typo_font_size":0,"ocean_menu_typo_font_size_tablet":0,"ocean_menu_typo_font_size_mobile":0,"ocean_menu_typo_font_size_unit":"px","ocean_menu_typo_font_weight":"","ocean_menu_typo_font_weight_tablet":"","ocean_menu_typo_font_weight_mobile":"","ocean_menu_typo_transform":"","ocean_menu_typo_transform_tablet":"","ocean_menu_typo_transform_mobile":"","ocean_menu_typo_line_height":0,"ocean_menu_typo_line_height_tablet":0,"ocean_menu_typo_line_height_mobile":0,"ocean_menu_typo_line_height_unit":"","ocean_menu_typo_spacing":0,"ocean_menu_typo_spacing_tablet":0,"ocean_menu_typo_spacing_mobile":0,"ocean_menu_typo_spacing_unit":"","ocean_menu_link_color":"","ocean_menu_link_color_hover":"","ocean_menu_link_color_active":"","ocean_menu_link_background":"","ocean_menu_link_hover_background":"","ocean_menu_link_active_background":"","ocean_menu_social_links_bg":"","ocean_menu_social_hover_links_bg":"","ocean_menu_social_links_color":"","ocean_menu_social_hover_links_color":"","ocean_disable_title":"on","ocean_disable_heading":"default","ocean_post_title":"","ocean_post_subheading":"","ocean_post_title_style":"","ocean_post_title_background_color":"","ocean_post_title_background":0,"ocean_post_title_bg_image_position":"","ocean_post_title_bg_image_attachment":"","ocean_post_title_bg_image_repeat":"","ocean_post_title_bg_image_size":"","ocean_post_title_height":0,"ocean_post_title_bg_overlay":0.5,"ocean_post_title_bg_overlay_color":"","ocean_disable_breadcrumbs":"default","ocean_breadcrumbs_color":"","ocean_breadcrumbs_separator_color":"","ocean_breadcrumbs_links_color":"","ocean_breadcrumbs_links_hover_color":"","ocean_display_footer_widgets":"default","ocean_display_footer_bottom":"default","ocean_custom_footer_template":"0","footnotes":"","wcps_page_is_protected":false},"class_list":["post-1621","page","type-page","status-publish","hentry","entry","owp-thumbs-layout-horizontal","owp-btn-normal","owp-tabs-layout-horizontal","has-no-thumbnails","has-product-nav","circle-sale"],"yoast_head":"<!-- This site is optimized with the Yoast SEO plugin v27.4 - https:\/\/yoast.com\/product\/yoast-seo-wordpress\/ -->\n<title>Close Up Vertrieb Schweiz &amp; \u00d6sterreich - Razzle Dazzle Distribution<\/title>\n<meta name=\"description\" content=\"Die Franz\u00f6sische Fingerboardmarke Close Up entstand im Jahr 2000. Razzle Dazzle vertreibt diese angesagten Fingerboards seit der ersten Minute in der Schweiz und in \u00d6sterreich an den Einzelhandel.\" \/>\n<meta name=\"robots\" content=\"index, follow, max-snippet:-1, max-image-preview:large, max-video-preview:-1\" \/>\n<link rel=\"canonical\" href=\"https:\/\/www.razzledazzle.ch\/de\/portfolio\/close-up\" \/>\n<meta property=\"og:locale\" content=\"de_DE\" \/>\n<meta property=\"og:type\" content=\"article\" \/>\n<meta property=\"og:title\" content=\"Close Up Vertrieb Schweiz &amp; \u00d6sterreich - Razzle Dazzle Distribution\" \/>\n<meta property=\"og:description\" content=\"Die Franz\u00f6sische Fingerboardmarke Close Up entstand im Jahr 2000. Razzle Dazzle vertreibt diese angesagten Fingerboards seit der ersten Minute in der Schweiz und in \u00d6sterreich an den Einzelhandel.\" \/>\n<meta property=\"og:url\" content=\"https:\/\/www.razzledazzle.ch\/de\/portfolio\/close-up\" \/>\n<meta property=\"og:site_name\" content=\"Razzle Dazzle Distribution\" \/>\n<meta property=\"article:modified_time\" content=\"2022-08-23T21:43:29+00:00\" \/>\n<meta name=\"twitter:card\" content=\"summary_large_image\" \/>\n<meta name=\"twitter:label1\" content=\"Gesch\u00e4tzte Lesezeit\" \/>\n\t<meta name=\"twitter:data1\" content=\"2\u00a0Minuten\" \/>\n<script type=\"application\/ld+json\" class=\"yoast-schema-graph\">{\"@context\":\"https:\\\/\\\/schema.org\",\"@graph\":[{\"@type\":\"WebPage\",\"@id\":\"https:\\\/\\\/www.razzledazzle.ch\\\/de\\\/portfolio\\\/close-up\",\"url\":\"https:\\\/\\\/www.razzledazzle.ch\\\/de\\\/portfolio\\\/close-up\",\"name\":\"Close Up Vertrieb Schweiz & \u00d6sterreich - Razzle Dazzle Distribution\",\"isPartOf\":{\"@id\":\"https:\\\/\\\/www.razzledazzle.ch\\\/de\\\/#website\"},\"datePublished\":\"2019-02-11T13:39:20+00:00\",\"dateModified\":\"2022-08-23T21:43:29+00:00\",\"description\":\"Die Franz\u00f6sische Fingerboardmarke Close Up entstand im Jahr 2000. Razzle Dazzle vertreibt diese angesagten Fingerboards seit der ersten Minute in der Schweiz und in \u00d6sterreich an den Einzelhandel.\",\"breadcrumb\":{\"@id\":\"https:\\\/\\\/www.razzledazzle.ch\\\/de\\\/portfolio\\\/close-up#breadcrumb\"},\"inLanguage\":\"de\",\"potentialAction\":[{\"@type\":\"ReadAction\",\"target\":[\"https:\\\/\\\/www.razzledazzle.ch\\\/de\\\/portfolio\\\/close-up\"]}]},{\"@type\":\"BreadcrumbList\",\"@id\":\"https:\\\/\\\/www.razzledazzle.ch\\\/de\\\/portfolio\\\/close-up#breadcrumb\",\"itemListElement\":[{\"@type\":\"ListItem\",\"position\":1,\"name\":\"Home\",\"item\":\"https:\\\/\\\/www.razzledazzle.ch\\\/\"},{\"@type\":\"ListItem\",\"position\":2,\"name\":\"MARKEN\",\"item\":\"https:\\\/\\\/www.razzledazzle.ch\\\/de\\\/portfolio\"},{\"@type\":\"ListItem\",\"position\":3,\"name\":\"CLOSE UP\"}]},{\"@type\":\"WebSite\",\"@id\":\"https:\\\/\\\/www.razzledazzle.ch\\\/de\\\/#website\",\"url\":\"https:\\\/\\\/www.razzledazzle.ch\\\/de\\\/\",\"name\":\"Razzle Dazzle Distribution\",\"description\":\"Addicted to Board Sports\",\"publisher\":{\"@id\":\"https:\\\/\\\/www.razzledazzle.ch\\\/de\\\/#organization\"},\"potentialAction\":[{\"@type\":\"SearchAction\",\"target\":{\"@type\":\"EntryPoint\",\"urlTemplate\":\"https:\\\/\\\/www.razzledazzle.ch\\\/de\\\/?s={search_term_string}\"},\"query-input\":{\"@type\":\"PropertyValueSpecification\",\"valueRequired\":true,\"valueName\":\"search_term_string\"}}],\"inLanguage\":\"de\"},{\"@type\":\"Organization\",\"@id\":\"https:\\\/\\\/www.razzledazzle.ch\\\/de\\\/#organization\",\"name\":\"Razzle Dazzle Distribution\",\"url\":\"https:\\\/\\\/www.razzledazzle.ch\\\/de\\\/\",\"logo\":{\"@type\":\"ImageObject\",\"inLanguage\":\"de\",\"@id\":\"https:\\\/\\\/www.razzledazzle.ch\\\/de\\\/#\\\/schema\\\/logo\\\/image\\\/\",\"url\":\"https:\\\/\\\/www.razzledazzle.ch\\\/wp-content\\\/uploads\\\/2018\\\/10\\\/Razzle_Dazzle_Website_Icon.jpg\",\"contentUrl\":\"https:\\\/\\\/www.razzledazzle.ch\\\/wp-content\\\/uploads\\\/2018\\\/10\\\/Razzle_Dazzle_Website_Icon.jpg\",\"width\":512,\"height\":512,\"caption\":\"Razzle Dazzle Distribution\"},\"image\":{\"@id\":\"https:\\\/\\\/www.razzledazzle.ch\\\/de\\\/#\\\/schema\\\/logo\\\/image\\\/\"}}]}<\/script>\n<!-- \/ Yoast SEO plugin. -->","yoast_head_json":{"title":"Close Up Vertrieb Schweiz & \u00d6sterreich - Razzle Dazzle Distribution","description":"Die Franz\u00f6sische Fingerboardmarke Close Up entstand im Jahr 2000. Razzle Dazzle vertreibt diese angesagten Fingerboards seit der ersten Minute in der Schweiz und in \u00d6sterreich an den Einzelhandel.","robots":{"index":"index","follow":"follow","max-snippet":"max-snippet:-1","max-image-preview":"max-image-preview:large","max-video-preview":"max-video-preview:-1"},"canonical":"https:\/\/www.razzledazzle.ch\/de\/portfolio\/close-up","og_locale":"de_DE","og_type":"article","og_title":"Close Up Vertrieb Schweiz & \u00d6sterreich - Razzle Dazzle Distribution","og_description":"Die Franz\u00f6sische Fingerboardmarke Close Up entstand im Jahr 2000. Razzle Dazzle vertreibt diese angesagten Fingerboards seit der ersten Minute in der Schweiz und in \u00d6sterreich an den Einzelhandel.","og_url":"https:\/\/www.razzledazzle.ch\/de\/portfolio\/close-up","og_site_name":"Razzle Dazzle Distribution","article_modified_time":"2022-08-23T21:43:29+00:00","twitter_card":"summary_large_image","twitter_misc":{"Gesch\u00e4tzte Lesezeit":"2\u00a0Minuten"},"schema":{"@context":"https:\/\/schema.org","@graph":[{"@type":"WebPage","@id":"https:\/\/www.razzledazzle.ch\/de\/portfolio\/close-up","url":"https:\/\/www.razzledazzle.ch\/de\/portfolio\/close-up","name":"Close Up Vertrieb Schweiz & \u00d6sterreich - Razzle Dazzle Distribution","isPartOf":{"@id":"https:\/\/www.razzledazzle.ch\/de\/#website"},"datePublished":"2019-02-11T13:39:20+00:00","dateModified":"2022-08-23T21:43:29+00:00","description":"Die Franz\u00f6sische Fingerboardmarke Close Up entstand im Jahr 2000. Razzle Dazzle vertreibt diese angesagten Fingerboards seit der ersten Minute in der Schweiz und in \u00d6sterreich an den Einzelhandel.","breadcrumb":{"@id":"https:\/\/www.razzledazzle.ch\/de\/portfolio\/close-up#breadcrumb"},"inLanguage":"de","potentialAction":[{"@type":"ReadAction","target":["https:\/\/www.razzledazzle.ch\/de\/portfolio\/close-up"]}]},{"@type":"BreadcrumbList","@id":"https:\/\/www.razzledazzle.ch\/de\/portfolio\/close-up#breadcrumb","itemListElement":[{"@type":"ListItem","position":1,"name":"Home","item":"https:\/\/www.razzledazzle.ch\/"},{"@type":"ListItem","position":2,"name":"MARKEN","item":"https:\/\/www.razzledazzle.ch\/de\/portfolio"},{"@type":"ListItem","position":3,"name":"CLOSE UP"}]},{"@type":"WebSite","@id":"https:\/\/www.razzledazzle.ch\/de\/#website","url":"https:\/\/www.razzledazzle.ch\/de\/","name":"Razzle Dazzle Distribution","description":"Addicted to Board Sports","publisher":{"@id":"https:\/\/www.razzledazzle.ch\/de\/#organization"},"potentialAction":[{"@type":"SearchAction","target":{"@type":"EntryPoint","urlTemplate":"https:\/\/www.razzledazzle.ch\/de\/?s={search_term_string}"},"query-input":{"@type":"PropertyValueSpecification","valueRequired":true,"valueName":"search_term_string"}}],"inLanguage":"de"},{"@type":"Organization","@id":"https:\/\/www.razzledazzle.ch\/de\/#organization","name":"Razzle Dazzle Distribution","url":"https:\/\/www.razzledazzle.ch\/de\/","logo":{"@type":"ImageObject","inLanguage":"de","@id":"https:\/\/www.razzledazzle.ch\/de\/#\/schema\/logo\/image\/","url":"https:\/\/www.razzledazzle.ch\/wp-content\/uploads\/2018\/10\/Razzle_Dazzle_Website_Icon.jpg","contentUrl":"https:\/\/www.razzledazzle.ch\/wp-content\/uploads\/2018\/10\/Razzle_Dazzle_Website_Icon.jpg","width":512,"height":512,"caption":"Razzle Dazzle Distribution"},"image":{"@id":"https:\/\/www.razzledazzle.ch\/de\/#\/schema\/logo\/image\/"}}]}},"_links":{"self":[{"href":"https:\/\/www.razzledazzle.ch\/de\/wp-json\/wp\/v2\/pages\/1621","targetHints":{"allow":["GET"]}}],"collection":[{"href":"https:\/\/www.razzledazzle.ch\/de\/wp-json\/wp\/v2\/pages"}],"about":[{"href":"https:\/\/www.razzledazzle.ch\/de\/wp-json\/wp\/v2\/types\/page"}],"author":[{"embeddable":true,"href":"https:\/\/www.razzledazzle.ch\/de\/wp-json\/wp\/v2\/users\/1"}],"replies":[{"embeddable":true,"href":"https:\/\/www.razzledazzle.ch\/de\/wp-json\/wp\/v2\/comments?post=1621"}],"version-history":[{"count":28,"href":"https:\/\/www.razzledazzle.ch\/de\/wp-json\/wp\/v2\/pages\/1621\/revisions"}],"predecessor-version":[{"id":7394,"href":"https:\/\/www.razzledazzle.ch\/de\/wp-json\/wp\/v2\/pages\/1621\/revisions\/7394"}],"up":[{"embeddable":true,"href":"https:\/\/www.razzledazzle.ch\/de\/wp-json\/wp\/v2\/pages\/27"}],"wp:attachment":[{"href":"https:\/\/www.razzledazzle.ch\/de\/wp-json\/wp\/v2\/media?parent=1621"}],"curies":[{"name":"wp","href":"https:\/\/api.w.org\/{rel}","templated":true}]}}